{"id":861,"date":"2023-04-10T13:53:25","date_gmt":"2023-04-10T11:53:25","guid":{"rendered":"https:\/\/www.storvatt.com\/faq\/haeufig-gestellte-fragen-storvatt-poolheizung\/"},"modified":"2023-05-08T23:25:43","modified_gmt":"2023-05-08T21:25:43","slug":"haeufig-gestellte-fragen-storvatt-poolheizung","status":"publish","type":"page","link":"https:\/\/www.storvatt.com\/de\/faq\/haeufig-gestellte-fragen-storvatt-poolheizung\/","title":{"rendered":"H\u00e4ufig gestellte Fragen St\u00f8rvatt PoolHeizung"},"content":{"rendered":"<section class=\"wpb-content-wrapper\"><p>[vc_row css_animation=&#8220;&#8220; row_type=&#8220;row&#8220; use_row_as_full_screen_section=&#8220;no&#8220; type=&#8220;grid&#8220; angled_section=&#8220;no&#8220; text_align=&#8220;left&#8220; background_image_as_pattern=&#8220;without_pattern&#8220; z_index=&#8220;&#8220; padding_top=&#8220;113&#8243; padding_bottom=&#8220;103&#8243;][vc_column][vc_column_text]<\/p>\n<h3>Kann ich Chlorwasser mit St\u00f8rvatt Poolheizung benutzen?<\/h3>\n<p>Ja, der St\u00f8rvatt Poolheizung ist aus rostfreiem Stahl 316 hergestellt und ist speziell f\u00fcr Pool- Wasser geeignet.<\/p>\n<p>&nbsp;<\/p>\n<h3>Muss St\u00f8rvatt Poolheizung an eine separate Pumpe angeschlossen werden?<\/h3>\n<p>Ja. Zirkulation des Wassers sollte immer sein; m\u00f6glich durch bestehenden Swimmingpoolpumpe, aber es ist auch m\u00f6glich Zirkulation des Wassers durch eine einfache Tauchpumpe mit einemen Gartenschlauch.<\/p>\n<p>&nbsp;<\/p>\n<h3>Wieviel Rauch entsteht beim Brennen des St\u00f8rvatt Poolheizung?<\/h3>\n<p>Dies h\u00e4ngt von der Qualit\u00e4t des Feuer ab. Beim Verbrennen von trockenem Holz mit gen\u00fcgend Sauerstoff f\u00fcr das Feuer entsteht kaum Rauch. Beim Entz\u00fcnden des Feuers und wenn es abstirbt, entsteht immer ein bisschen Rauch.<\/p>\n<p>&nbsp;<\/p>\n<h3>Was ist der Vorteil bei der Verwendung von St\u00f8rvatt Poolheizung f\u00fcr einem Whirlpool und Hottub, im Vergleich zu einem System mit einem Ofen im Wasser?<\/h3>\n<p>Es gibt mehrere Vorteile<br \/>\n1. Der St\u00f8rvatt Poolheizung braucht keinen Platz in der Wanne und damit erhalten Sie mehr nutzbaren Raum in der Wanne. Das bedeutet Sie brauchen keine so gro\u00dfe Wanne oder aber mehr Personen k\u00f6nnen ein Bad im Whirlpool genie\u00dfen.<br \/>\n2. Sie k\u00f6nnen sofort das Feuer entfachen, damit das f\u00fcllen der Hottub und erw\u00e4rmen von das Wasser gleichzeitig stattfindet, somit sparen Sie Zeit.<br \/>\n3. Es ist einfacher eine St\u00f8rvatt Poolheizung sauber von Asche zu mache<br \/>\n4. Dar\u00fcber hinaus k\u00f6nnen Sie den St\u00f8rvatt Poolheizung auch zum Beheizen Ihres Swimmingpools verwenden, er ist also multifunktional.<br \/>\n5. Meisten Hottubs werden verkauft mit ein Rostfreistahlen Ofen die ins Wasser h\u00e4ngt. Mit solchen Rostfreistahlen Ofen dauert es mindestens das doppele um das Wasser zu erw\u00e4rmen. (Ein St\u00f8rvatt hottub hat ein Ofen die ins Wasser h\u00e4ngt von Aluminium; die Brenndauer ist das gleiche wie beim St\u00f8rvatt Poolheizung)<\/p>\n<p>&nbsp;<\/p>\n<h3>Wie kann man ein Maximum an Energie aus dem St\u00f8rvatt Poolheizung holen?<\/h3>\n<p>Je intensiver das Feuer ist, desto schneller wird das Wasser erhitzt werden. Sicherlich aber ist ein Maximum an Energie mit einem konstanten Feuer erreichbar. Stellen Sie sicher das das Holz gut brennt und nicht schwendelt.<\/p>\n<p>Der Fluss des Wassers ist ebenfalls sehr wichtig. Je schneller das Wasser durch den St\u00f8rvatt Poolheizung flie\u00dft, desto mehr W\u00e4rme wird an das Wasser abgegeben, anstatt au\u00dferhalb des St\u00f8rvatt Poolheizung zu landen. Allerdings, wenn der Wasserstrom zu stark ist, k\u00fchlt das Wasser das Feuer ab. Mit einem Durchfluss von 1 Liter \/ Sekunde kann der St\u00f8rvatt Poolheizung das Wasser um 6-8 \u00b0 C aufheizen.<\/p>\n<p>&nbsp;<\/p>\n<h3>Wie hoch ist die maximale Temperatur des Wassers?<\/h3>\n<p>Theoretisch ist es m\u00f6glich, das Wasser zum Kochen zu bringen. Der St\u00f8rvatt Poolheizung heizt das Wasser, das in den St\u00f8rvatt Poolheizung gelangt. Jedoch w\u00e4re es nur m\u00f6glich, das Wasser zum Kochen zu bringen, wenn das in den St\u00f8rvatt Poolheizung gelangende Wasser schon eine Temperatur von 90 \u00ba C bes\u00e4\u00dfe. Es ist wichtig, immer den Gebrauchsanweisungen f\u00fcr die Verwendung des St\u00f8rvatt Poolheizung zu folgen.<\/p>\n<p>&nbsp;<\/p>\n<h3>Ist der St\u00f8rvatt Poolheizung f\u00fcr Schwimmb\u00e4der oder f\u00fcr Whirlpools\/ Becken besser geeignet?<\/h3>\n<p>Der St\u00f8rvatt Poolheizung ist f\u00fcr beide Varianten geeignet. Es ist sogar m\u00f6glich, Ihren Whirlpool mit dem Schwimmbad zu verbinden. Auf diese Weise k\u00f6nnen Sie Ihr Schwimmbad l\u00e4nger benutzen. Sie k\u00f6nnen sich im warmen Becken aufw\u00e4rmen, und sich hinterher wunderbar im k\u00fchleren Schwimmbad abk\u00fchlen.<\/p>\n<p>&nbsp;<\/p>\n<h3>Hat das Verbrennen von Holz einen negativen Einfluss auf die Umwelt?<\/h3>\n<p>Es ist besser Holz zu verbrennen (besonders trockenes Holz) als Ressourcen wie \u00d6l oder Gas zu verwenden. Der bei der Verbrennung von Holz freigesetzte CO2 Gehalt hat einen kurzen Zyklus. Ressourcen wie Erd\u00f6l und Erdgas haben einen langen CO2 Prozess. Beim Verbrennen von Holz ist der Rauch zu 100% abbaubar; B\u00e4ume nutzen diese Gase wiederum um Sauerstoff zu produzieren. Somit ist Holz definitiv eine umweltfreundliche Ressource.<\/p>\n<p>&nbsp;<\/p>\n<h3>Was ist die richtige Temperatur f\u00fcr einen Whirlpool\/ Becken?<\/h3>\n<p>In der Regel liegt die ideale Badetemperatur zwischen 38 und 40 \u00ba C. Es gibt jedoch Menschen, die ein k\u00e4lteres oder w\u00e4rmeres Bad bevorzugen. Bitte beachten Sie, dass ein Bad, welches w\u00e4rmer als 40 \u00ba C ist, gef\u00e4hrlich sein kann. Der menschliche K\u00f6rper muss in der Lage sein die eigene W\u00e4rme abzugeben. Das ist der Grund, warum gute Badezuber und Whirlpools Pl\u00e4tze auf verschiedenen Ebenen besitzen. Wenn Ihr K\u00f6rper zu sehr erhitzt wird, kann Schwindel die Folge sein.<\/p>\n<p>&nbsp;<\/p>\n<h3>Mein St\u00f8rvatt Poolheizung scheint ein Leck zu haben?<\/h3>\n<p>Alle St\u00f8rvatt Poolheizung Modelle werden vor deren Auslieferung getestet. Was ein Leck zu sein scheint, ist h\u00f6chstwahrscheinlich nur Kondenswasser. Durch die Intensivierung des Feuers, wird das Kondensat verschwinden[\/vc_column_text][\/vc_column][\/vc_row]<\/p>\n<\/section>","protected":false},"excerpt":{"rendered":"<p>[vc_row css_animation=&#8220;&#8220; row_type=&#8220;row&#8220; use_row_as_full_screen_section=&#8220;no&#8220; type=&#8220;grid&#8220; angled_section=&#8220;no&#8220; text_align=&#8220;left&#8220; background_image_as_pattern=&#8220;without_pattern&#8220; z_index=&#8220;&#8220; padding_top=&#8220;113&#8243; padding_bottom=&#8220;103&#8243;][vc_column][vc_column_text] Kann ich Chlorwasser mit St\u00f8rvatt Poolheizung benutzen? Ja, der St\u00f8rvatt Poolheizung ist aus rostfreiem Stahl 316 hergestellt und ist speziell f\u00fcr Pool- Wasser geeignet. &nbsp; Muss St\u00f8rvatt Poolheizung an eine separate Pumpe angeschlossen werden?&#8230;<\/p>\n","protected":false},"author":1,"featured_media":0,"parent":838,"menu_order":0,"comment_status":"closed","ping_status":"closed","template":"full_width.php","meta":{"footnotes":""},"class_list":["post-861","page","type-page","status-publish","hentry"],"yoast_head":"<!-- This site is optimized with the Yoast SEO plugin v25.9 - https:\/\/yoast.com\/wordpress\/plugins\/seo\/ -->\n<title>H\u00e4ufig gestellte Fragen St\u00f8rvatt PoolHeizung - St\u00f8rvatt<\/title>\n<meta name=\"robots\" content=\"index, follow, max-snippet:-1, max-image-preview:large, max-video-preview:-1\" \/>\n<link rel=\"canonical\" href=\"https:\/\/www.storvatt.com\/de\/faq\/haeufig-gestellte-fragen-storvatt-poolheizung\/\" \/>\n<meta property=\"og:locale\" content=\"de_DE\" \/>\n<meta property=\"og:type\" content=\"article\" \/>\n<meta property=\"og:title\" content=\"H\u00e4ufig gestellte Fragen St\u00f8rvatt PoolHeizung - St\u00f8rvatt\" \/>\n<meta property=\"og:description\" content=\"[vc_row css_animation=&#8220;&#8220; row_type=&#8220;row&#8220; use_row_as_full_screen_section=&#8220;no&#8220; type=&#8220;grid&#8220; angled_section=&#8220;no&#8220; text_align=&#8220;left&#8220; background_image_as_pattern=&#8220;without_pattern&#8220; z_index=&#8220;&#8220; padding_top=&#8220;113&#8243; padding_bottom=&#8220;103&#8243;][vc_column][vc_column_text] Kann ich Chlorwasser mit St\u00f8rvatt Poolheizung benutzen? Ja, der St\u00f8rvatt Poolheizung ist aus rostfreiem Stahl 316 hergestellt und ist speziell f\u00fcr Pool- Wasser geeignet. &nbsp; Muss St\u00f8rvatt Poolheizung an eine separate Pumpe angeschlossen werden?...\" \/>\n<meta property=\"og:url\" content=\"https:\/\/www.storvatt.com\/de\/faq\/haeufig-gestellte-fragen-storvatt-poolheizung\/\" \/>\n<meta property=\"og:site_name\" content=\"St\u00f8rvatt\" \/>\n<meta property=\"article:modified_time\" content=\"2023-05-08T21:25:43+00:00\" \/>\n<meta name=\"twitter:card\" content=\"summary_large_image\" \/>\n<meta name=\"twitter:label1\" content=\"Gesch\u00e4tzte Lesezeit\" \/>\n\t<meta name=\"twitter:data1\" content=\"4\u00a0Minuten\" \/>\n<script type=\"application\/ld+json\" class=\"yoast-schema-graph\">{\"@context\":\"https:\/\/schema.org\",\"@graph\":[{\"@type\":\"WebPage\",\"@id\":\"https:\/\/www.storvatt.com\/de\/faq\/haeufig-gestellte-fragen-storvatt-poolheizung\/\",\"url\":\"https:\/\/www.storvatt.com\/de\/faq\/haeufig-gestellte-fragen-storvatt-poolheizung\/\",\"name\":\"H\u00e4ufig gestellte Fragen St\u00f8rvatt PoolHeizung - St\u00f8rvatt\",\"isPartOf\":{\"@id\":\"https:\/\/www.storvatt.com\/de\/#website\"},\"datePublished\":\"2023-04-10T11:53:25+00:00\",\"dateModified\":\"2023-05-08T21:25:43+00:00\",\"breadcrumb\":{\"@id\":\"https:\/\/www.storvatt.com\/de\/faq\/haeufig-gestellte-fragen-storvatt-poolheizung\/#breadcrumb\"},\"inLanguage\":\"de\",\"potentialAction\":[{\"@type\":\"ReadAction\",\"target\":[\"https:\/\/www.storvatt.com\/de\/faq\/haeufig-gestellte-fragen-storvatt-poolheizung\/\"]}]},{\"@type\":\"BreadcrumbList\",\"@id\":\"https:\/\/www.storvatt.com\/de\/faq\/haeufig-gestellte-fragen-storvatt-poolheizung\/#breadcrumb\",\"itemListElement\":[{\"@type\":\"ListItem\",\"position\":1,\"name\":\"Home\",\"item\":\"https:\/\/www.storvatt.com\/de\/\"},{\"@type\":\"ListItem\",\"position\":2,\"name\":\"FAQ\",\"item\":\"https:\/\/www.storvatt.com\/de\/veelgestelde-vragen\/\"},{\"@type\":\"ListItem\",\"position\":3,\"name\":\"H\u00e4ufig gestellte Fragen St\u00f8rvatt PoolHeizung\"}]},{\"@type\":\"WebSite\",\"@id\":\"https:\/\/www.storvatt.com\/de\/#website\",\"url\":\"https:\/\/www.storvatt.com\/de\/\",\"name\":\"St\u00f8rvatt\",\"description\":\"\",\"publisher\":{\"@id\":\"https:\/\/www.storvatt.com\/de\/#organization\"},\"potentialAction\":[{\"@type\":\"SearchAction\",\"target\":{\"@type\":\"EntryPoint\",\"urlTemplate\":\"https:\/\/www.storvatt.com\/de\/?s={search_term_string}\"},\"query-input\":{\"@type\":\"PropertyValueSpecification\",\"valueRequired\":true,\"valueName\":\"search_term_string\"}}],\"inLanguage\":\"de\"},{\"@type\":\"Organization\",\"@id\":\"https:\/\/www.storvatt.com\/de\/#organization\",\"name\":\"St\u00f8rvatt\",\"url\":\"https:\/\/www.storvatt.com\/de\/\",\"logo\":{\"@type\":\"ImageObject\",\"inLanguage\":\"de\",\"@id\":\"https:\/\/www.storvatt.com\/de\/#\/schema\/logo\/image\/\",\"url\":\"https:\/\/www.storvatt.com\/wp-content\/uploads\/2023\/05\/Storvatt-logo-vierkant.png\",\"contentUrl\":\"https:\/\/www.storvatt.com\/wp-content\/uploads\/2023\/05\/Storvatt-logo-vierkant.png\",\"width\":696,\"height\":696,\"caption\":\"St\u00f8rvatt\"},\"image\":{\"@id\":\"https:\/\/www.storvatt.com\/de\/#\/schema\/logo\/image\/\"}}]}<\/script>\n<!-- \/ Yoast SEO plugin. -->","yoast_head_json":{"title":"H\u00e4ufig gestellte Fragen St\u00f8rvatt PoolHeizung - St\u00f8rvatt","robots":{"index":"index","follow":"follow","max-snippet":"max-snippet:-1","max-image-preview":"max-image-preview:large","max-video-preview":"max-video-preview:-1"},"canonical":"https:\/\/www.storvatt.com\/de\/faq\/haeufig-gestellte-fragen-storvatt-poolheizung\/","og_locale":"de_DE","og_type":"article","og_title":"H\u00e4ufig gestellte Fragen St\u00f8rvatt PoolHeizung - St\u00f8rvatt","og_description":"[vc_row css_animation=&#8220;&#8220; row_type=&#8220;row&#8220; use_row_as_full_screen_section=&#8220;no&#8220; type=&#8220;grid&#8220; angled_section=&#8220;no&#8220; text_align=&#8220;left&#8220; background_image_as_pattern=&#8220;without_pattern&#8220; z_index=&#8220;&#8220; padding_top=&#8220;113&#8243; padding_bottom=&#8220;103&#8243;][vc_column][vc_column_text] Kann ich Chlorwasser mit St\u00f8rvatt Poolheizung benutzen? Ja, der St\u00f8rvatt Poolheizung ist aus rostfreiem Stahl 316 hergestellt und ist speziell f\u00fcr Pool- Wasser geeignet. &nbsp; Muss St\u00f8rvatt Poolheizung an eine separate Pumpe angeschlossen werden?...","og_url":"https:\/\/www.storvatt.com\/de\/faq\/haeufig-gestellte-fragen-storvatt-poolheizung\/","og_site_name":"St\u00f8rvatt","article_modified_time":"2023-05-08T21:25:43+00:00","twitter_card":"summary_large_image","twitter_misc":{"Gesch\u00e4tzte Lesezeit":"4\u00a0Minuten"},"schema":{"@context":"https:\/\/schema.org","@graph":[{"@type":"WebPage","@id":"https:\/\/www.storvatt.com\/de\/faq\/haeufig-gestellte-fragen-storvatt-poolheizung\/","url":"https:\/\/www.storvatt.com\/de\/faq\/haeufig-gestellte-fragen-storvatt-poolheizung\/","name":"H\u00e4ufig gestellte Fragen St\u00f8rvatt PoolHeizung - St\u00f8rvatt","isPartOf":{"@id":"https:\/\/www.storvatt.com\/de\/#website"},"datePublished":"2023-04-10T11:53:25+00:00","dateModified":"2023-05-08T21:25:43+00:00","breadcrumb":{"@id":"https:\/\/www.storvatt.com\/de\/faq\/haeufig-gestellte-fragen-storvatt-poolheizung\/#breadcrumb"},"inLanguage":"de","potentialAction":[{"@type":"ReadAction","target":["https:\/\/www.storvatt.com\/de\/faq\/haeufig-gestellte-fragen-storvatt-poolheizung\/"]}]},{"@type":"BreadcrumbList","@id":"https:\/\/www.storvatt.com\/de\/faq\/haeufig-gestellte-fragen-storvatt-poolheizung\/#breadcrumb","itemListElement":[{"@type":"ListItem","position":1,"name":"Home","item":"https:\/\/www.storvatt.com\/de\/"},{"@type":"ListItem","position":2,"name":"FAQ","item":"https:\/\/www.storvatt.com\/de\/veelgestelde-vragen\/"},{"@type":"ListItem","position":3,"name":"H\u00e4ufig gestellte Fragen St\u00f8rvatt PoolHeizung"}]},{"@type":"WebSite","@id":"https:\/\/www.storvatt.com\/de\/#website","url":"https:\/\/www.storvatt.com\/de\/","name":"St\u00f8rvatt","description":"","publisher":{"@id":"https:\/\/www.storvatt.com\/de\/#organization"},"potentialAction":[{"@type":"SearchAction","target":{"@type":"EntryPoint","urlTemplate":"https:\/\/www.storvatt.com\/de\/?s={search_term_string}"},"query-input":{"@type":"PropertyValueSpecification","valueRequired":true,"valueName":"search_term_string"}}],"inLanguage":"de"},{"@type":"Organization","@id":"https:\/\/www.storvatt.com\/de\/#organization","name":"St\u00f8rvatt","url":"https:\/\/www.storvatt.com\/de\/","logo":{"@type":"ImageObject","inLanguage":"de","@id":"https:\/\/www.storvatt.com\/de\/#\/schema\/logo\/image\/","url":"https:\/\/www.storvatt.com\/wp-content\/uploads\/2023\/05\/Storvatt-logo-vierkant.png","contentUrl":"https:\/\/www.storvatt.com\/wp-content\/uploads\/2023\/05\/Storvatt-logo-vierkant.png","width":696,"height":696,"caption":"St\u00f8rvatt"},"image":{"@id":"https:\/\/www.storvatt.com\/de\/#\/schema\/logo\/image\/"}}]}},"_links":{"self":[{"href":"https:\/\/www.storvatt.com\/de\/wp-json\/wp\/v2\/pages\/861","targetHints":{"allow":["GET"]}}],"collection":[{"href":"https:\/\/www.storvatt.com\/de\/wp-json\/wp\/v2\/pages"}],"about":[{"href":"https:\/\/www.storvatt.com\/de\/wp-json\/wp\/v2\/types\/page"}],"author":[{"embeddable":true,"href":"https:\/\/www.storvatt.com\/de\/wp-json\/wp\/v2\/users\/1"}],"replies":[{"embeddable":true,"href":"https:\/\/www.storvatt.com\/de\/wp-json\/wp\/v2\/comments?post=861"}],"version-history":[{"count":2,"href":"https:\/\/www.storvatt.com\/de\/wp-json\/wp\/v2\/pages\/861\/revisions"}],"predecessor-version":[{"id":863,"href":"https:\/\/www.storvatt.com\/de\/wp-json\/wp\/v2\/pages\/861\/revisions\/863"}],"up":[{"embeddable":true,"href":"https:\/\/www.storvatt.com\/de\/wp-json\/wp\/v2\/pages\/838"}],"wp:attachment":[{"href":"https:\/\/www.storvatt.com\/de\/wp-json\/wp\/v2\/media?parent=861"}],"curies":[{"name":"wp","href":"https:\/\/api.w.org\/{rel}","templated":true}]}}