{"id":864,"date":"2023-04-10T14:10:35","date_gmt":"2023-04-10T12:10:35","guid":{"rendered":"https:\/\/www.storvatt.com\/faq\/was-ist-der-unterschied-zwischen-einem-jacuzzi-und-einem-storvatt-elektrisch-beheizten-hottub\/"},"modified":"2023-05-08T23:37:02","modified_gmt":"2023-05-08T21:37:02","slug":"was-ist-der-unterschied-zwischen-einem-jacuzzi-und-einem-storvatt-elektrisch-beheizten-hottub","status":"publish","type":"page","link":"https:\/\/www.storvatt.com\/de\/faq\/was-ist-der-unterschied-zwischen-einem-jacuzzi-und-einem-storvatt-elektrisch-beheizten-hottub\/","title":{"rendered":"Was ist der Unterschied zwischen einem Jacuzzi\u00ae und einem St\u00f8rvatt\u00ae elektrisch beheizten Hottub?"},"content":{"rendered":"<section class=\"wpb-content-wrapper\"><p>[vc_row css_animation=&#8220;&#8220; row_type=&#8220;row&#8220; use_row_as_full_screen_section=&#8220;no&#8220; type=&#8220;grid&#8220; angled_section=&#8220;no&#8220; text_align=&#8220;left&#8220; background_image_as_pattern=&#8220;without_pattern&#8220; z_index=&#8220;&#8220; padding_top=&#8220;113&#8243; padding_bottom=&#8220;103&#8243;][vc_column][vc_column_text]<\/p>\n<h3>Was ist der Unterschied zwischen einem Jacuzzi\u00ae und einem St\u00f8rvatt\u00ae elektrisch beheizten Hottub?<\/h3>\n<p>Mein erster Kommentar ist, abgesehen vom Aussehen, kein Unterschied. Ein Hottub\u00ae hat wunderbares hei\u00dfes Wasser, Massaged\u00fcsen, Licht usw. und das ist mit einem St\u00f8rvatt\u00ae DeLuxe (einem elektrisch beheizten Hottub) auch m\u00f6glich.<br \/>\nDer Unterschied ist ohne Zweifel das Aussehen. Ein authentischer h\u00f6lzerner Whirlpool mit allem Komfort eines SPA im Vergleich zu einem Whirlpool aus Kunststoff.<\/p>\n<p>&nbsp;<\/p>\n<h3>Wir machen in dieser Angelegenheit weiter!<\/h3>\n<p>St\u00f8rvatt\u00ae ist ein Markenname, Jacuzzi\u00ae auch.<br \/>\nBeide sind Hersteller von SPAs. Ein Spa (Sanitas Per Aqua) ist ein warmes Wasserbad, das normalerweise an die frische Au\u00dfenluft gestellt wird.<\/p>\n<p>&nbsp;<\/p>\n<h3>Was ist der Unterschied zwischen einem elektrisch beheizten St\u00f8rvatt\u00ae und einem Jacuzzi\u00ae?<\/h3>\n<p>Es gibt keinen Unterschied in Betrieb und technischer Installation. Beide verwenden ein Steuersystem, das die (automatische) Erw\u00e4rmung des Wassers, Einstellungen zum Filtern des Wassers und eventuelle Massaged\u00fcsen und \/ oder Blasen von unten steuert. Dieses Steuerungssystem wird von einem Display gesteuert, mit dem Sie die Filterung einstellen, die Massaged\u00fcsen, Lichter und Blasen von unten ein- und ausschalten k\u00f6nnen. Dieses Betriebssystem kann mit einem WLAN-Modul zur Fernsteuerung Ihres Betriebssystems erweitert werden.<br \/>\nEs gibt auch absolut keinen Unterschied, wie das Wasser behandelt werden soll. Sowohl das Wasser in einem St\u00f8rvatt\u00ae SPA als auch in einem Hottub\u00ae muss behandelt werden, wenn das Wasser trotz des eingebauten Filters und der UV-Behandlung l\u00e4nger als 24 Stunden verwendet wird.<\/p>\n<p>&nbsp;<\/p>\n<h3>Aber gibt es einen Unterschied ?!<\/h3>\n<p>Wie oben erw\u00e4hnt, sind St\u00f8rvatt\u00ae und Jacuzzi\u00ae Markennamen. Beide Unternehmen sind Hersteller und Lieferanten von elektrisch beheizten Spas. Der Unterschied ist das Material des Spas. Jacuzzi\u00ae stellt Spas aus Kunststoff mit Holzrahmen her, w\u00e4hrend St\u00f8rvatt\u00ae Hottubs nur aus Holz herstellt, ein \u00e4u\u00dferst solides Produkt mit Aussehen und Charakter. Dar\u00fcber hinaus werden die Jacuzzi\u00ae-Spas in der Regel in Massenproduktion hergestellt, w\u00e4hrend die St\u00f8rvatt\u00ae-Hottubs in unserer eigenen Fabrik in den Niederlanden von Hand und nach Ma\u00df gefertigt werden. Die Hottubs werden daher auf Bestellung gefertigt und gebaut. Auf diese Weise k\u00f6nnen Sie einem St\u00f8rvatt\u00ae Hottub auch eine pers\u00f6nliche Note verleihen.<\/p>\n<p>Wenn Sie Ihren St\u00f8rvatt\u00ae-Hottub auf einer Terrasse installieren m\u00f6chten, kann Ihr Hottub bereits im Werk angepasst werden, um sicherzustellen, dass Sie leicht auf Ihr Steuerungssystem und andere Teile Ihrer elektrischen Installation zugreifen k\u00f6nnen.<\/p>\n<p>&nbsp;<\/p>\n<h3>Warum sollte ich ein St\u00f8rvatt\u00ae Spa statt einer Jacuzzi\u00ae w\u00e4hlen?<\/h3>\n<p>Die Western Red Cedar, aus der ein St\u00f8rvatt\u00ae-Hottub hergestellt wird, hat von Natur aus ein wunderbares Aroma. Sie k\u00f6nnen das Holz bei N\u00e4sse riechen und das macht Ihre Zeit in einem St\u00f8rvatt\u00ae Hottub noch angenehmer. Das Holz eines St\u00f8rvatt\u00ae-Hottubs wird im Laufe der Jahre auch eine sch\u00f6ne silbergraue Farbe annehmen, sodass ein St\u00f8rvatt\u00ae-Hottub zu Ihrem Garten passt.<\/p>\n<p>Die Erfahrung in einem St\u00f8rvatt\u00ae Hottub ist auch ganz anders als in einem Jacuzzi\u00ae. In einem St\u00f8rvatt\u00ae-Hottub ist der Aufw\u00e4rtsdruck des Wassers h\u00f6her, sodass Sie das Gef\u00fchl haben, im Wasser zu schweben.<\/p>\n<p>&nbsp;<\/p>\n<h3>Schlussfolgerung<\/h3>\n<p>Es gibt keinen anderen Unterschied als Aussehen und Erfahrung. Ein St\u00f8rvatt\u00ae DeLuxe (unser h\u00f6lzerner Hottub mit elektrischer Heizung) bietet den gleichen Komfort und die gleichen M\u00f6glichkeiten wie ein Jacuzzi\u00ae. Nur gibt es eindeutig einen Unterschied im Aussehen; eine sch\u00f6ne Holzwanne von Western Red Cedar oder eine Plastikwanne von Jacuzzi\u00ae. Und ein Unterschied in der Erfahrung; Das k\u00f6stliche Aroma von Western Red Cedar fehlt in einem Hottub\u00ae oder einem Hottub eines anderen Lieferanten \/ Holztyps.<\/p>\n<p>&nbsp;<\/p>\n<h3>Gibt es einen Preisunterschied zwischen einem St\u00f8rvatt\u00ae Spa und einem Jacuzzi\u00ae?<\/h3>\n<p>Nein. Die Preise sind ungef\u00e4hr gleich. Beachten Sie jedoch, dass St\u00f8rvatt\u00ae alle Hottubs in seiner eigenen Fabrik in Moergestel herstellt (daher ist jedes Produkt handgefertigt und ma\u00dfgeschneidert) und keine Massenproduktion aus Niedriglohnl\u00e4ndern.[\/vc_column_text][\/vc_column][\/vc_row]<\/p>\n<\/section>","protected":false},"excerpt":{"rendered":"<p>[vc_row css_animation=&#8220;&#8220; row_type=&#8220;row&#8220; use_row_as_full_screen_section=&#8220;no&#8220; type=&#8220;grid&#8220; angled_section=&#8220;no&#8220; text_align=&#8220;left&#8220; background_image_as_pattern=&#8220;without_pattern&#8220; z_index=&#8220;&#8220; padding_top=&#8220;113&#8243; padding_bottom=&#8220;103&#8243;][vc_column][vc_column_text] Was ist der Unterschied zwischen einem Jacuzzi\u00ae und einem St\u00f8rvatt\u00ae elektrisch beheizten Hottub? Mein erster Kommentar ist, abgesehen vom Aussehen, kein Unterschied. Ein Hottub\u00ae hat wunderbares hei\u00dfes Wasser, Massaged\u00fcsen, Licht usw. und das ist&#8230;<\/p>\n","protected":false},"author":1,"featured_media":0,"parent":838,"menu_order":0,"comment_status":"closed","ping_status":"closed","template":"full_width.php","meta":{"footnotes":""},"class_list":["post-864","page","type-page","status-publish","hentry"],"yoast_head":"<!-- This site is optimized with the Yoast SEO plugin v25.9 - https:\/\/yoast.com\/wordpress\/plugins\/seo\/ -->\n<title>Was ist der Unterschied zwischen einem Jacuzzi\u00ae und einem St\u00f8rvatt\u00ae elektrisch beheizten Hottub? - St\u00f8rvatt<\/title>\n<meta name=\"robots\" content=\"index, follow, max-snippet:-1, max-image-preview:large, max-video-preview:-1\" \/>\n<link rel=\"canonical\" href=\"https:\/\/www.storvatt.com\/de\/faq\/was-ist-der-unterschied-zwischen-einem-jacuzzi-und-einem-storvatt-elektrisch-beheizten-hottub\/\" \/>\n<meta property=\"og:locale\" content=\"de_DE\" \/>\n<meta property=\"og:type\" content=\"article\" \/>\n<meta property=\"og:title\" content=\"Was ist der Unterschied zwischen einem Jacuzzi\u00ae und einem St\u00f8rvatt\u00ae elektrisch beheizten Hottub? - St\u00f8rvatt\" \/>\n<meta property=\"og:description\" content=\"[vc_row css_animation=&#8220;&#8220; row_type=&#8220;row&#8220; use_row_as_full_screen_section=&#8220;no&#8220; type=&#8220;grid&#8220; angled_section=&#8220;no&#8220; text_align=&#8220;left&#8220; background_image_as_pattern=&#8220;without_pattern&#8220; z_index=&#8220;&#8220; padding_top=&#8220;113&#8243; padding_bottom=&#8220;103&#8243;][vc_column][vc_column_text] Was ist der Unterschied zwischen einem Jacuzzi\u00ae und einem St\u00f8rvatt\u00ae elektrisch beheizten Hottub? Mein erster Kommentar ist, abgesehen vom Aussehen, kein Unterschied. Ein Hottub\u00ae hat wunderbares hei\u00dfes Wasser, Massaged\u00fcsen, Licht usw. und das ist...\" \/>\n<meta property=\"og:url\" content=\"https:\/\/www.storvatt.com\/de\/faq\/was-ist-der-unterschied-zwischen-einem-jacuzzi-und-einem-storvatt-elektrisch-beheizten-hottub\/\" \/>\n<meta property=\"og:site_name\" content=\"St\u00f8rvatt\" \/>\n<meta property=\"article:modified_time\" content=\"2023-05-08T21:37:02+00:00\" \/>\n<meta name=\"twitter:card\" content=\"summary_large_image\" \/>\n<meta name=\"twitter:label1\" content=\"Gesch\u00e4tzte Lesezeit\" \/>\n\t<meta name=\"twitter:data1\" content=\"3\u00a0Minuten\" \/>\n<script type=\"application\/ld+json\" class=\"yoast-schema-graph\">{\"@context\":\"https:\/\/schema.org\",\"@graph\":[{\"@type\":\"WebPage\",\"@id\":\"https:\/\/www.storvatt.com\/de\/faq\/was-ist-der-unterschied-zwischen-einem-jacuzzi-und-einem-storvatt-elektrisch-beheizten-hottub\/\",\"url\":\"https:\/\/www.storvatt.com\/de\/faq\/was-ist-der-unterschied-zwischen-einem-jacuzzi-und-einem-storvatt-elektrisch-beheizten-hottub\/\",\"name\":\"Was ist der Unterschied zwischen einem Jacuzzi\u00ae und einem St\u00f8rvatt\u00ae elektrisch beheizten Hottub? - St\u00f8rvatt\",\"isPartOf\":{\"@id\":\"https:\/\/www.storvatt.com\/de\/#website\"},\"datePublished\":\"2023-04-10T12:10:35+00:00\",\"dateModified\":\"2023-05-08T21:37:02+00:00\",\"breadcrumb\":{\"@id\":\"https:\/\/www.storvatt.com\/de\/faq\/was-ist-der-unterschied-zwischen-einem-jacuzzi-und-einem-storvatt-elektrisch-beheizten-hottub\/#breadcrumb\"},\"inLanguage\":\"de\",\"potentialAction\":[{\"@type\":\"ReadAction\",\"target\":[\"https:\/\/www.storvatt.com\/de\/faq\/was-ist-der-unterschied-zwischen-einem-jacuzzi-und-einem-storvatt-elektrisch-beheizten-hottub\/\"]}]},{\"@type\":\"BreadcrumbList\",\"@id\":\"https:\/\/www.storvatt.com\/de\/faq\/was-ist-der-unterschied-zwischen-einem-jacuzzi-und-einem-storvatt-elektrisch-beheizten-hottub\/#breadcrumb\",\"itemListElement\":[{\"@type\":\"ListItem\",\"position\":1,\"name\":\"Home\",\"item\":\"https:\/\/www.storvatt.com\/de\/\"},{\"@type\":\"ListItem\",\"position\":2,\"name\":\"FAQ\",\"item\":\"https:\/\/www.storvatt.com\/de\/veelgestelde-vragen\/\"},{\"@type\":\"ListItem\",\"position\":3,\"name\":\"Was ist der Unterschied zwischen einem Jacuzzi\u00ae und einem St\u00f8rvatt\u00ae elektrisch beheizten Hottub?\"}]},{\"@type\":\"WebSite\",\"@id\":\"https:\/\/www.storvatt.com\/de\/#website\",\"url\":\"https:\/\/www.storvatt.com\/de\/\",\"name\":\"St\u00f8rvatt\",\"description\":\"\",\"publisher\":{\"@id\":\"https:\/\/www.storvatt.com\/de\/#organization\"},\"potentialAction\":[{\"@type\":\"SearchAction\",\"target\":{\"@type\":\"EntryPoint\",\"urlTemplate\":\"https:\/\/www.storvatt.com\/de\/?s={search_term_string}\"},\"query-input\":{\"@type\":\"PropertyValueSpecification\",\"valueRequired\":true,\"valueName\":\"search_term_string\"}}],\"inLanguage\":\"de\"},{\"@type\":\"Organization\",\"@id\":\"https:\/\/www.storvatt.com\/de\/#organization\",\"name\":\"St\u00f8rvatt\",\"url\":\"https:\/\/www.storvatt.com\/de\/\",\"logo\":{\"@type\":\"ImageObject\",\"inLanguage\":\"de\",\"@id\":\"https:\/\/www.storvatt.com\/de\/#\/schema\/logo\/image\/\",\"url\":\"https:\/\/www.storvatt.com\/wp-content\/uploads\/2023\/05\/Storvatt-logo-vierkant.png\",\"contentUrl\":\"https:\/\/www.storvatt.com\/wp-content\/uploads\/2023\/05\/Storvatt-logo-vierkant.png\",\"width\":696,\"height\":696,\"caption\":\"St\u00f8rvatt\"},\"image\":{\"@id\":\"https:\/\/www.storvatt.com\/de\/#\/schema\/logo\/image\/\"}}]}<\/script>\n<!-- \/ Yoast SEO plugin. -->","yoast_head_json":{"title":"Was ist der Unterschied zwischen einem Jacuzzi\u00ae und einem St\u00f8rvatt\u00ae elektrisch beheizten Hottub? - St\u00f8rvatt","robots":{"index":"index","follow":"follow","max-snippet":"max-snippet:-1","max-image-preview":"max-image-preview:large","max-video-preview":"max-video-preview:-1"},"canonical":"https:\/\/www.storvatt.com\/de\/faq\/was-ist-der-unterschied-zwischen-einem-jacuzzi-und-einem-storvatt-elektrisch-beheizten-hottub\/","og_locale":"de_DE","og_type":"article","og_title":"Was ist der Unterschied zwischen einem Jacuzzi\u00ae und einem St\u00f8rvatt\u00ae elektrisch beheizten Hottub? - St\u00f8rvatt","og_description":"[vc_row css_animation=&#8220;&#8220; row_type=&#8220;row&#8220; use_row_as_full_screen_section=&#8220;no&#8220; type=&#8220;grid&#8220; angled_section=&#8220;no&#8220; text_align=&#8220;left&#8220; background_image_as_pattern=&#8220;without_pattern&#8220; z_index=&#8220;&#8220; padding_top=&#8220;113&#8243; padding_bottom=&#8220;103&#8243;][vc_column][vc_column_text] Was ist der Unterschied zwischen einem Jacuzzi\u00ae und einem St\u00f8rvatt\u00ae elektrisch beheizten Hottub? Mein erster Kommentar ist, abgesehen vom Aussehen, kein Unterschied. Ein Hottub\u00ae hat wunderbares hei\u00dfes Wasser, Massaged\u00fcsen, Licht usw. und das ist...","og_url":"https:\/\/www.storvatt.com\/de\/faq\/was-ist-der-unterschied-zwischen-einem-jacuzzi-und-einem-storvatt-elektrisch-beheizten-hottub\/","og_site_name":"St\u00f8rvatt","article_modified_time":"2023-05-08T21:37:02+00:00","twitter_card":"summary_large_image","twitter_misc":{"Gesch\u00e4tzte Lesezeit":"3\u00a0Minuten"},"schema":{"@context":"https:\/\/schema.org","@graph":[{"@type":"WebPage","@id":"https:\/\/www.storvatt.com\/de\/faq\/was-ist-der-unterschied-zwischen-einem-jacuzzi-und-einem-storvatt-elektrisch-beheizten-hottub\/","url":"https:\/\/www.storvatt.com\/de\/faq\/was-ist-der-unterschied-zwischen-einem-jacuzzi-und-einem-storvatt-elektrisch-beheizten-hottub\/","name":"Was ist der Unterschied zwischen einem Jacuzzi\u00ae und einem St\u00f8rvatt\u00ae elektrisch beheizten Hottub? - St\u00f8rvatt","isPartOf":{"@id":"https:\/\/www.storvatt.com\/de\/#website"},"datePublished":"2023-04-10T12:10:35+00:00","dateModified":"2023-05-08T21:37:02+00:00","breadcrumb":{"@id":"https:\/\/www.storvatt.com\/de\/faq\/was-ist-der-unterschied-zwischen-einem-jacuzzi-und-einem-storvatt-elektrisch-beheizten-hottub\/#breadcrumb"},"inLanguage":"de","potentialAction":[{"@type":"ReadAction","target":["https:\/\/www.storvatt.com\/de\/faq\/was-ist-der-unterschied-zwischen-einem-jacuzzi-und-einem-storvatt-elektrisch-beheizten-hottub\/"]}]},{"@type":"BreadcrumbList","@id":"https:\/\/www.storvatt.com\/de\/faq\/was-ist-der-unterschied-zwischen-einem-jacuzzi-und-einem-storvatt-elektrisch-beheizten-hottub\/#breadcrumb","itemListElement":[{"@type":"ListItem","position":1,"name":"Home","item":"https:\/\/www.storvatt.com\/de\/"},{"@type":"ListItem","position":2,"name":"FAQ","item":"https:\/\/www.storvatt.com\/de\/veelgestelde-vragen\/"},{"@type":"ListItem","position":3,"name":"Was ist der Unterschied zwischen einem Jacuzzi\u00ae und einem St\u00f8rvatt\u00ae elektrisch beheizten Hottub?"}]},{"@type":"WebSite","@id":"https:\/\/www.storvatt.com\/de\/#website","url":"https:\/\/www.storvatt.com\/de\/","name":"St\u00f8rvatt","description":"","publisher":{"@id":"https:\/\/www.storvatt.com\/de\/#organization"},"potentialAction":[{"@type":"SearchAction","target":{"@type":"EntryPoint","urlTemplate":"https:\/\/www.storvatt.com\/de\/?s={search_term_string}"},"query-input":{"@type":"PropertyValueSpecification","valueRequired":true,"valueName":"search_term_string"}}],"inLanguage":"de"},{"@type":"Organization","@id":"https:\/\/www.storvatt.com\/de\/#organization","name":"St\u00f8rvatt","url":"https:\/\/www.storvatt.com\/de\/","logo":{"@type":"ImageObject","inLanguage":"de","@id":"https:\/\/www.storvatt.com\/de\/#\/schema\/logo\/image\/","url":"https:\/\/www.storvatt.com\/wp-content\/uploads\/2023\/05\/Storvatt-logo-vierkant.png","contentUrl":"https:\/\/www.storvatt.com\/wp-content\/uploads\/2023\/05\/Storvatt-logo-vierkant.png","width":696,"height":696,"caption":"St\u00f8rvatt"},"image":{"@id":"https:\/\/www.storvatt.com\/de\/#\/schema\/logo\/image\/"}}]}},"_links":{"self":[{"href":"https:\/\/www.storvatt.com\/de\/wp-json\/wp\/v2\/pages\/864","targetHints":{"allow":["GET"]}}],"collection":[{"href":"https:\/\/www.storvatt.com\/de\/wp-json\/wp\/v2\/pages"}],"about":[{"href":"https:\/\/www.storvatt.com\/de\/wp-json\/wp\/v2\/types\/page"}],"author":[{"embeddable":true,"href":"https:\/\/www.storvatt.com\/de\/wp-json\/wp\/v2\/users\/1"}],"replies":[{"embeddable":true,"href":"https:\/\/www.storvatt.com\/de\/wp-json\/wp\/v2\/comments?post=864"}],"version-history":[{"count":5,"href":"https:\/\/www.storvatt.com\/de\/wp-json\/wp\/v2\/pages\/864\/revisions"}],"predecessor-version":[{"id":869,"href":"https:\/\/www.storvatt.com\/de\/wp-json\/wp\/v2\/pages\/864\/revisions\/869"}],"up":[{"embeddable":true,"href":"https:\/\/www.storvatt.com\/de\/wp-json\/wp\/v2\/pages\/838"}],"wp:attachment":[{"href":"https:\/\/www.storvatt.com\/de\/wp-json\/wp\/v2\/media?parent=864"}],"curies":[{"name":"wp","href":"https:\/\/api.w.org\/{rel}","templated":true}]}}