{"id":876,"date":"2023-03-14T21:53:07","date_gmt":"2023-03-14T20:53:07","guid":{"rendered":"https:\/\/www.storvatt.com\/privacy-policy\/"},"modified":"2023-09-04T11:55:38","modified_gmt":"2023-09-04T09:55:38","slug":"privacy-policy","status":"publish","type":"page","link":"https:\/\/www.storvatt.com\/de\/privacy-policy\/","title":{"rendered":"Privacy, Cookie and Review Policy"},"content":{"rendered":"<section class=\"wpb-content-wrapper\"><p>[vc_row css_animation=&#8220;&#8220; row_type=&#8220;row&#8220; use_row_as_full_screen_section=&#8220;no&#8220; type=&#8220;grid&#8220; angled_section=&#8220;no&#8220; text_align=&#8220;left&#8220; background_image_as_pattern=&#8220;without_pattern&#8220; z_index=&#8220;&#8220; padding_top=&#8220;103&#8243; padding_bottom=&#8220;103&#8243;][vc_column][vc_column_text]<\/p>\n<p>Wir sind uns bewusst, dass Sie uns Ihr Vertrauen schenken. Daher sehen wir es als unsere Verantwortung, Ihre Privatsph\u00e4re zu sch\u00fctzen. Auf dieser Seite informieren wir Sie dar\u00fcber, welche Informationen wir sammeln, wenn Sie unsere Website nutzen, warum wir diese Informationen sammeln und wie wir sie verwenden, um Ihr Benutzererlebnis zu verbessern. So verstehen Sie genau, wie wir arbeiten.<\/p>\n<p>Diese Datenschutzrichtlinie gilt f\u00fcr die Dienste von Storvatt. Sie sollten sich dar\u00fcber im Klaren sein, dass Storvatt nicht f\u00fcr die Datenschutzpraktiken anderer Websites und Ressourcen verantwortlich ist. Durch die Nutzung dieser Website erkl\u00e4ren Sie, dass Sie die Datenschutzrichtlinie akzeptieren.<\/p>\n<p>Storvatt respektiert die Privatsph\u00e4re aller Benutzer seiner Website und stellt sicher, dass die von Ihnen angegebenen pers\u00f6nlichen Daten vertraulich behandelt werden.<\/p>\n<h3>Unsere Verwendung der erfassten Daten<\/h3>\n<h4>Nutzung unserer Dienste<\/h4>\n<p>Wenn Sie sich f\u00fcr einen unserer Dienste anmelden, bitten wir Sie um die Angabe personenbezogener Daten. Diese Daten werden zur Erbringung der Dienstleistung verwendet. Die Daten werden auf den eigenen sicheren Servern von Storvatt oder denen eines Dritten gespeichert. Wir werden diese Informationen nicht mit anderen von uns gespeicherten personenbezogenen Daten kombinieren.<\/p>\n<h4>Kommunikation<\/h4>\n<p>Wenn Sie E-Mails oder andere Nachrichten an uns senden, k\u00f6nnen wir diese Nachrichten aufbewahren. Manchmal fragen wir Sie nach Ihren pers\u00f6nlichen Daten, die f\u00fcr die jeweilige Situation relevant sind. Dies erm\u00f6glicht die Bearbeitung Ihrer Fragen und die Beantwortung Ihrer Anliegen. Die Daten werden auf den eigenen sicheren Servern von Storvatt oder denen eines Dritten gespeichert. Wir werden diese Informationen nicht mit anderen von uns gespeicherten personenbezogenen Daten kombinieren.<\/p>\n<h4>Kekse<\/h4>\n<p>Wir sammeln Daten zu Forschungszwecken, um ein besseres Verst\u00e4ndnis unserer Kunden zu erlangen und unsere Dienstleistungen entsprechend anzupassen.<\/p>\n<p>Diese Website verwendet \u201eCookies\u201c (Textdateien, die auf Ihrem Computer gespeichert werden), um die Website bei der Analyse der Nutzung der Website durch die Benutzer zu unterst\u00fctzen. Die durch das Cookie erzeugten Informationen \u00fcber Ihre Nutzung der Website k\u00f6nnen an Storvatts eigene sichere Server oder die eines Dritten \u00fcbertragen werden. Wir verwenden diese Informationen, um zu verfolgen, wie Sie die Website nutzen, um Berichte \u00fcber die Website-Aktivit\u00e4t zu erstellen und um andere Dienstleistungen im Zusammenhang mit der Website-Aktivit\u00e4t und der Internetnutzung anzubieten.<\/p>\n<h4>Zwecke<\/h4>\n<p>Wir sammeln oder verwenden keine Informationen f\u00fcr andere als die in dieser Datenschutzrichtlinie beschriebenen Zwecke, es sei denn, wir haben Ihre vorherige Zustimmung eingeholt.<\/p>\n<h4>Dritte<\/h4>\n<p>Die Informationen werden nicht an Dritte weitergegeben, mit Ausnahme von Webanwendungen, die wir f\u00fcr unseren Webshop nutzen. Dazu geh\u00f6rt auch das Bewertungssystem WebwinkelKeur. Diese Daten werden nur zum Zweck der jeweiligen Bewerbung verwendet und nicht weitergegeben. In einigen F\u00e4llen k\u00f6nnen die Informationen auch intern weitergegeben werden. Unsere Mitarbeiter sind verpflichtet, die Vertraulichkeit Ihrer Daten zu respektieren.<\/p>\n<h4>\u00c4nderungen<\/h4>\n<p>Diese Datenschutzerkl\u00e4rung ist auf die Nutzung und die M\u00f6glichkeiten dieser Website zugeschnitten. Jegliche Anpassungen und\/oder \u00c4nderungen an dieser Website k\u00f6nnen zu \u00c4nderungen dieser Datenschutzerkl\u00e4rung f\u00fchren. Es empfiehlt sich daher, diese Datenschutzerkl\u00e4rung regelm\u00e4\u00dfig einzusehen.<\/p>\n<h4>Auswahlm\u00f6glichkeiten f\u00fcr pers\u00f6nliche Informationen<\/h4>\n<p>Wir bieten allen Besuchern die M\u00f6glichkeit, alle uns derzeit zur Verf\u00fcgung gestellten pers\u00f6nlichen Daten einzusehen, zu \u00e4ndern oder zu l\u00f6schen.<\/p>\n<h4>Service-Newsletter anpassen\/abbestellen<\/h4>\n<p>Am Ende jedes Mailings finden Sie die M\u00f6glichkeit, Ihre Daten zu \u00e4ndern oder sich abzumelden.<\/p>\n<h4>Kommunikation anpassen\/abbestellen<\/h4>\n<p>Wenn Sie Ihre Daten \u00e4ndern oder sich aus unseren Dateien entfernen m\u00f6chten, k\u00f6nnen Sie uns kontaktieren. Die Kontaktdaten finden Sie weiter unten.<\/p>\n<h4>Cookies deaktivieren<\/h4>\n<p>Die meisten Browser sind standardm\u00e4\u00dfig so eingestellt, dass sie Cookies akzeptieren. Sie k\u00f6nnen Ihren Browser jedoch so einstellen, dass er alle Cookies ablehnt oder anzeigt, wann ein Cookie gesendet wird. Allerdings funktionieren einige Funktionen und Dienste auf unserer und anderen Websites m\u00f6glicherweise nicht ordnungsgem\u00e4\u00df, wenn Cookies in Ihrem Browser deaktiviert sind.<\/p>\n<h4>Review Policy<\/h4>\n<p>Wir nutzen die Software von 5-Sterne-Spezialisten zum Sammeln von Bewertungen und halten uns an die Richtlinien der unabh\u00e4ngigen Plattform. Nur Kunden, die tats\u00e4chlich ein Produkt gekauft oder eine Serviceerfahrung gemacht haben, werden aufgefordert, eine Bewertung \u00fcber den 5-Sterne-Spezialisten abzugeben. Die vollst\u00e4ndige \u00dcbersicht der Richtlinien der unabh\u00e4ngigen Plattform des 5-Sterne-Spezialisten finden Sie \u00fcber diesen Link\u00a0<a href=\"https:\/\/www.5sterrenspecialist.nl\/richtlijnen-voor-klantbeoordelingen\">https:\/\/www.5sterrenspecialist.nl\/richtlijnen-voor-klantbeoordelingen<\/a><\/p>\n<h4>Fragen und Feedback<\/h4>\n<p>Wir pr\u00fcfen regelm\u00e4\u00dfig, ob wir diese Datenschutzerkl\u00e4rung einhalten. Wenn Sie Fragen zu dieser Datenschutzerkl\u00e4rung haben, k\u00f6nnen Sie uns kontaktieren:<\/p>\n<p>St\u00f8rvatt<br \/>\nStokeind 2a<br \/>\n5066XA Moergestel<\/p>\n<p>Tel: 013-5134713[\/vc_column_text][\/vc_column][\/vc_row]<\/p>\n<\/section>","protected":false},"excerpt":{"rendered":"<p>[vc_row css_animation=&#8220;&#8220; row_type=&#8220;row&#8220; use_row_as_full_screen_section=&#8220;no&#8220; type=&#8220;grid&#8220; angled_section=&#8220;no&#8220; text_align=&#8220;left&#8220; background_image_as_pattern=&#8220;without_pattern&#8220; z_index=&#8220;&#8220; padding_top=&#8220;103&#8243; padding_bottom=&#8220;103&#8243;][vc_column][vc_column_text] Wir sind uns bewusst, dass Sie uns Ihr Vertrauen schenken. Daher sehen wir es als unsere Verantwortung, Ihre Privatsph\u00e4re zu sch\u00fctzen. Auf dieser Seite informieren wir Sie dar\u00fcber, welche Informationen wir sammeln, wenn Sie&#8230;<\/p>\n","protected":false},"author":1,"featured_media":0,"parent":0,"menu_order":0,"comment_status":"closed","ping_status":"closed","template":"full_width.php","meta":{"footnotes":""},"class_list":["post-876","page","type-page","status-publish","hentry"],"yoast_head":"<!-- This site is optimized with the Yoast SEO plugin v25.9 - https:\/\/yoast.com\/wordpress\/plugins\/seo\/ -->\n<title>Privacy, Cookie and Review Policy - St\u00f8rvatt<\/title>\n<meta name=\"robots\" content=\"index, follow, max-snippet:-1, max-image-preview:large, max-video-preview:-1\" \/>\n<link rel=\"canonical\" href=\"https:\/\/www.storvatt.com\/de\/privacy-policy\/\" \/>\n<meta property=\"og:locale\" content=\"de_DE\" \/>\n<meta property=\"og:type\" content=\"article\" \/>\n<meta property=\"og:title\" content=\"Privacy, Cookie and Review Policy - St\u00f8rvatt\" \/>\n<meta property=\"og:description\" content=\"[vc_row css_animation=&#8220;&#8220; row_type=&#8220;row&#8220; use_row_as_full_screen_section=&#8220;no&#8220; type=&#8220;grid&#8220; angled_section=&#8220;no&#8220; text_align=&#8220;left&#8220; background_image_as_pattern=&#8220;without_pattern&#8220; z_index=&#8220;&#8220; padding_top=&#8220;103&#8243; padding_bottom=&#8220;103&#8243;][vc_column][vc_column_text] Wir sind uns bewusst, dass Sie uns Ihr Vertrauen schenken. Daher sehen wir es als unsere Verantwortung, Ihre Privatsph\u00e4re zu sch\u00fctzen. Auf dieser Seite informieren wir Sie dar\u00fcber, welche Informationen wir sammeln, wenn Sie...\" \/>\n<meta property=\"og:url\" content=\"https:\/\/www.storvatt.com\/de\/privacy-policy\/\" \/>\n<meta property=\"og:site_name\" content=\"St\u00f8rvatt\" \/>\n<meta property=\"article:modified_time\" content=\"2023-09-04T09:55:38+00:00\" \/>\n<meta name=\"twitter:card\" content=\"summary_large_image\" \/>\n<meta name=\"twitter:label1\" content=\"Gesch\u00e4tzte Lesezeit\" \/>\n\t<meta name=\"twitter:data1\" content=\"4\u00a0Minuten\" \/>\n<script type=\"application\/ld+json\" class=\"yoast-schema-graph\">{\"@context\":\"https:\/\/schema.org\",\"@graph\":[{\"@type\":\"WebPage\",\"@id\":\"https:\/\/www.storvatt.com\/de\/privacy-policy\/\",\"url\":\"https:\/\/www.storvatt.com\/de\/privacy-policy\/\",\"name\":\"Privacy, Cookie and Review Policy - St\u00f8rvatt\",\"isPartOf\":{\"@id\":\"https:\/\/www.storvatt.com\/de\/#website\"},\"datePublished\":\"2023-03-14T20:53:07+00:00\",\"dateModified\":\"2023-09-04T09:55:38+00:00\",\"breadcrumb\":{\"@id\":\"https:\/\/www.storvatt.com\/de\/privacy-policy\/#breadcrumb\"},\"inLanguage\":\"de\",\"potentialAction\":[{\"@type\":\"ReadAction\",\"target\":[\"https:\/\/www.storvatt.com\/de\/privacy-policy\/\"]}]},{\"@type\":\"BreadcrumbList\",\"@id\":\"https:\/\/www.storvatt.com\/de\/privacy-policy\/#breadcrumb\",\"itemListElement\":[{\"@type\":\"ListItem\",\"position\":1,\"name\":\"Home\",\"item\":\"https:\/\/www.storvatt.com\/de\/\"},{\"@type\":\"ListItem\",\"position\":2,\"name\":\"Privacy, Cookie and Review Policy\"}]},{\"@type\":\"WebSite\",\"@id\":\"https:\/\/www.storvatt.com\/de\/#website\",\"url\":\"https:\/\/www.storvatt.com\/de\/\",\"name\":\"St\u00f8rvatt\",\"description\":\"\",\"publisher\":{\"@id\":\"https:\/\/www.storvatt.com\/de\/#organization\"},\"potentialAction\":[{\"@type\":\"SearchAction\",\"target\":{\"@type\":\"EntryPoint\",\"urlTemplate\":\"https:\/\/www.storvatt.com\/de\/?s={search_term_string}\"},\"query-input\":{\"@type\":\"PropertyValueSpecification\",\"valueRequired\":true,\"valueName\":\"search_term_string\"}}],\"inLanguage\":\"de\"},{\"@type\":\"Organization\",\"@id\":\"https:\/\/www.storvatt.com\/de\/#organization\",\"name\":\"St\u00f8rvatt\",\"url\":\"https:\/\/www.storvatt.com\/de\/\",\"logo\":{\"@type\":\"ImageObject\",\"inLanguage\":\"de\",\"@id\":\"https:\/\/www.storvatt.com\/de\/#\/schema\/logo\/image\/\",\"url\":\"https:\/\/www.storvatt.com\/wp-content\/uploads\/2023\/05\/Storvatt-logo-vierkant.png\",\"contentUrl\":\"https:\/\/www.storvatt.com\/wp-content\/uploads\/2023\/05\/Storvatt-logo-vierkant.png\",\"width\":696,\"height\":696,\"caption\":\"St\u00f8rvatt\"},\"image\":{\"@id\":\"https:\/\/www.storvatt.com\/de\/#\/schema\/logo\/image\/\"}}]}<\/script>\n<!-- \/ Yoast SEO plugin. -->","yoast_head_json":{"title":"Privacy, Cookie and Review Policy - St\u00f8rvatt","robots":{"index":"index","follow":"follow","max-snippet":"max-snippet:-1","max-image-preview":"max-image-preview:large","max-video-preview":"max-video-preview:-1"},"canonical":"https:\/\/www.storvatt.com\/de\/privacy-policy\/","og_locale":"de_DE","og_type":"article","og_title":"Privacy, Cookie and Review Policy - St\u00f8rvatt","og_description":"[vc_row css_animation=&#8220;&#8220; row_type=&#8220;row&#8220; use_row_as_full_screen_section=&#8220;no&#8220; type=&#8220;grid&#8220; angled_section=&#8220;no&#8220; text_align=&#8220;left&#8220; background_image_as_pattern=&#8220;without_pattern&#8220; z_index=&#8220;&#8220; padding_top=&#8220;103&#8243; padding_bottom=&#8220;103&#8243;][vc_column][vc_column_text] Wir sind uns bewusst, dass Sie uns Ihr Vertrauen schenken. Daher sehen wir es als unsere Verantwortung, Ihre Privatsph\u00e4re zu sch\u00fctzen. Auf dieser Seite informieren wir Sie dar\u00fcber, welche Informationen wir sammeln, wenn Sie...","og_url":"https:\/\/www.storvatt.com\/de\/privacy-policy\/","og_site_name":"St\u00f8rvatt","article_modified_time":"2023-09-04T09:55:38+00:00","twitter_card":"summary_large_image","twitter_misc":{"Gesch\u00e4tzte Lesezeit":"4\u00a0Minuten"},"schema":{"@context":"https:\/\/schema.org","@graph":[{"@type":"WebPage","@id":"https:\/\/www.storvatt.com\/de\/privacy-policy\/","url":"https:\/\/www.storvatt.com\/de\/privacy-policy\/","name":"Privacy, Cookie and Review Policy - St\u00f8rvatt","isPartOf":{"@id":"https:\/\/www.storvatt.com\/de\/#website"},"datePublished":"2023-03-14T20:53:07+00:00","dateModified":"2023-09-04T09:55:38+00:00","breadcrumb":{"@id":"https:\/\/www.storvatt.com\/de\/privacy-policy\/#breadcrumb"},"inLanguage":"de","potentialAction":[{"@type":"ReadAction","target":["https:\/\/www.storvatt.com\/de\/privacy-policy\/"]}]},{"@type":"BreadcrumbList","@id":"https:\/\/www.storvatt.com\/de\/privacy-policy\/#breadcrumb","itemListElement":[{"@type":"ListItem","position":1,"name":"Home","item":"https:\/\/www.storvatt.com\/de\/"},{"@type":"ListItem","position":2,"name":"Privacy, Cookie and Review Policy"}]},{"@type":"WebSite","@id":"https:\/\/www.storvatt.com\/de\/#website","url":"https:\/\/www.storvatt.com\/de\/","name":"St\u00f8rvatt","description":"","publisher":{"@id":"https:\/\/www.storvatt.com\/de\/#organization"},"potentialAction":[{"@type":"SearchAction","target":{"@type":"EntryPoint","urlTemplate":"https:\/\/www.storvatt.com\/de\/?s={search_term_string}"},"query-input":{"@type":"PropertyValueSpecification","valueRequired":true,"valueName":"search_term_string"}}],"inLanguage":"de"},{"@type":"Organization","@id":"https:\/\/www.storvatt.com\/de\/#organization","name":"St\u00f8rvatt","url":"https:\/\/www.storvatt.com\/de\/","logo":{"@type":"ImageObject","inLanguage":"de","@id":"https:\/\/www.storvatt.com\/de\/#\/schema\/logo\/image\/","url":"https:\/\/www.storvatt.com\/wp-content\/uploads\/2023\/05\/Storvatt-logo-vierkant.png","contentUrl":"https:\/\/www.storvatt.com\/wp-content\/uploads\/2023\/05\/Storvatt-logo-vierkant.png","width":696,"height":696,"caption":"St\u00f8rvatt"},"image":{"@id":"https:\/\/www.storvatt.com\/de\/#\/schema\/logo\/image\/"}}]}},"_links":{"self":[{"href":"https:\/\/www.storvatt.com\/de\/wp-json\/wp\/v2\/pages\/876","targetHints":{"allow":["GET"]}}],"collection":[{"href":"https:\/\/www.storvatt.com\/de\/wp-json\/wp\/v2\/pages"}],"about":[{"href":"https:\/\/www.storvatt.com\/de\/wp-json\/wp\/v2\/types\/page"}],"author":[{"embeddable":true,"href":"https:\/\/www.storvatt.com\/de\/wp-json\/wp\/v2\/users\/1"}],"replies":[{"embeddable":true,"href":"https:\/\/www.storvatt.com\/de\/wp-json\/wp\/v2\/comments?post=876"}],"version-history":[{"count":4,"href":"https:\/\/www.storvatt.com\/de\/wp-json\/wp\/v2\/pages\/876\/revisions"}],"predecessor-version":[{"id":1510,"href":"https:\/\/www.storvatt.com\/de\/wp-json\/wp\/v2\/pages\/876\/revisions\/1510"}],"wp:attachment":[{"href":"https:\/\/www.storvatt.com\/de\/wp-json\/wp\/v2\/media?parent=876"}],"curies":[{"name":"wp","href":"https:\/\/api.w.org\/{rel}","templated":true}]}}